{"id":104,"date":"2020-02-22T08:00:40","date_gmt":"2020-02-22T08:00:40","guid":{"rendered":"http:\/\/olsis.com.tr\/?page_id=104"},"modified":"2021-05-31T06:52:37","modified_gmt":"2021-05-31T06:52:37","slug":"asma-oluk","status":"publish","type":"page","link":"http:\/\/olsis.com.tr\/index.php\/asma-oluk\/","title":{"rendered":"Asma Oluk"},"content":{"rendered":"\n<figure class=\"wp-container-2 wp-block-gallery-1 wp-block-gallery columns-2 is-cropped\"><ul class=\"blocks-gallery-grid\"><li class=\"blocks-gallery-item\"><figure><img loading=\"lazy\" width=\"1024\" height=\"682\" src=\"http:\/\/olsis.com.tr\/wp-content\/uploads\/2020\/02\/Eksiz-oluk-sistemleri-1-1024x682.jpg\" alt=\"\" data-id=\"107\" data-full-url=\"http:\/\/olsis.com.tr\/wp-content\/uploads\/2020\/02\/Eksiz-oluk-sistemleri-1.jpg\" data-link=\"http:\/\/olsis.com.tr\/?attachment_id=107\" class=\"wp-image-107\" srcset=\"http:\/\/olsis.com.tr\/wp-content\/uploads\/2020\/02\/Eksiz-oluk-sistemleri-1-1024x682.jpg 1024w, http:\/\/olsis.com.tr\/wp-content\/uploads\/2020\/02\/Eksiz-oluk-sistemleri-1-300x200.jpg 300w, http:\/\/olsis.com.tr\/wp-content\/uploads\/2020\/02\/Eksiz-oluk-sistemleri-1-768x512.jpg 768w, http:\/\/olsis.com.tr\/wp-content\/uploads\/2020\/02\/Eksiz-oluk-sistemleri-1.jpg 1400w\" sizes=\"(max-width: 1024px) 100vw, 1024px\" \/><\/figure><\/li><li class=\"blocks-gallery-item\"><figure><img loading=\"lazy\" width=\"500\" height=\"333\" src=\"http:\/\/olsis.com.tr\/wp-content\/uploads\/2020\/02\/eksiz-oluk-1.jpg\" alt=\"\" data-id=\"108\" data-full-url=\"http:\/\/olsis.com.tr\/wp-content\/uploads\/2020\/02\/eksiz-oluk-1.jpg\" data-link=\"http:\/\/olsis.com.tr\/?attachment_id=108\" class=\"wp-image-108\" srcset=\"http:\/\/olsis.com.tr\/wp-content\/uploads\/2020\/02\/eksiz-oluk-1.jpg 500w, http:\/\/olsis.com.tr\/wp-content\/uploads\/2020\/02\/eksiz-oluk-1-300x200.jpg 300w\" sizes=\"(max-width: 500px) 100vw, 500px\" \/><\/figure><\/li><\/ul><\/figure>\n\n\n\n<p class=\"has-normal-font-size\">Farkl\u0131 renk ,desen ve ebatta \u00fcretimi yap\u0131lan asma oluk d\u0131\u015f k\u00f6\u015fesi pratik montaj \u00f6zelli\u011fiyle kolay kullan\u0131m alan\u0131 olu\u015fturmaktad\u0131r.\u0130stenilen uzunlukta ek-siz olarak 30-33-38 cm \u00f6l\u00e7\u00fclerinde \u00fcretilmektedir.Ayr\u0131nt\u0131l\u0131 bilgi i\u00e7in ileti\u015fime ge\u00e7ebilirsiniz.<\/p>\n","protected":false},"excerpt":{"rendered":"<p>Farkl\u0131 renk ,desen ve ebatta \u00fcretimi yap\u0131lan asma oluk d\u0131\u015f k\u00f6\u015fesi pratik montaj \u00f6zelli\u011fiyle kolay kullan\u0131m alan\u0131 olu\u015fturmaktad\u0131r.\u0130stenilen uzunlukta ek-siz olarak 30-33-38 cm \u00f6l\u00e7\u00fclerinde \u00fcretilmektedir.Ayr\u0131nt\u0131l\u0131 bilgi i\u00e7in ileti\u015fime ge\u00e7ebilirsiniz.<\/p>\n","protected":false},"author":1,"featured_media":0,"parent":0,"menu_order":0,"comment_status":"closed","ping_status":"closed","template":"","meta":[],"_links":{"self":[{"href":"http:\/\/olsis.com.tr\/index.php\/wp-json\/wp\/v2\/pages\/104"}],"collection":[{"href":"http:\/\/olsis.com.tr\/index.php\/wp-json\/wp\/v2\/pages"}],"about":[{"href":"http:\/\/olsis.com.tr\/index.php\/wp-json\/wp\/v2\/types\/page"}],"author":[{"embeddable":true,"href":"http:\/\/olsis.com.tr\/index.php\/wp-json\/wp\/v2\/users\/1"}],"replies":[{"embeddable":true,"href":"http:\/\/olsis.com.tr\/index.php\/wp-json\/wp\/v2\/comments?post=104"}],"version-history":[{"count":3,"href":"http:\/\/olsis.com.tr\/index.php\/wp-json\/wp\/v2\/pages\/104\/revisions"}],"predecessor-version":[{"id":217,"href":"http:\/\/olsis.com.tr\/index.php\/wp-json\/wp\/v2\/pages\/104\/revisions\/217"}],"wp:attachment":[{"href":"http:\/\/olsis.com.tr\/index.php\/wp-json\/wp\/v2\/media?parent=104"}],"curies":[{"name":"wp","href":"https:\/\/api.w.org\/{rel}","templated":true}]}}