{"id":112,"date":"2020-02-22T08:04:56","date_gmt":"2020-02-22T08:04:56","guid":{"rendered":"http:\/\/olsis.com.tr\/?page_id=112"},"modified":"2021-05-31T06:57:05","modified_gmt":"2021-05-31T06:57:05","slug":"asma-oluk-bitis-detayi-kapak","status":"publish","type":"page","link":"http:\/\/olsis.com.tr\/index.php\/asma-oluk-bitis-detayi-kapak\/","title":{"rendered":"Asma Oluk Biti\u015f Detay\u0131 \/ Kapak"},"content":{"rendered":"\n<figure class=\"wp-container-2 wp-block-gallery-1 wp-block-gallery columns-2 is-cropped\"><ul class=\"blocks-gallery-grid\"><li class=\"blocks-gallery-item\"><figure><img loading=\"lazy\" width=\"398\" height=\"400\" src=\"http:\/\/olsis.com.tr\/wp-content\/uploads\/2020\/02\/asma-oluk-biti\u015fs.jpg\" alt=\"\" data-id=\"113\" data-full-url=\"http:\/\/olsis.com.tr\/wp-content\/uploads\/2020\/02\/asma-oluk-biti\u015fs.jpg\" data-link=\"http:\/\/olsis.com.tr\/?attachment_id=113\" class=\"wp-image-113\" srcset=\"http:\/\/olsis.com.tr\/wp-content\/uploads\/2020\/02\/asma-oluk-biti\u015fs.jpg 398w, http:\/\/olsis.com.tr\/wp-content\/uploads\/2020\/02\/asma-oluk-biti\u015fs-150x150.jpg 150w, http:\/\/olsis.com.tr\/wp-content\/uploads\/2020\/02\/asma-oluk-biti\u015fs-100x100.jpg 100w\" sizes=\"(max-width: 398px) 100vw, 398px\" \/><\/figure><\/li><li class=\"blocks-gallery-item\"><figure><img loading=\"lazy\" width=\"1024\" height=\"640\" src=\"http:\/\/olsis.com.tr\/wp-content\/uploads\/2020\/02\/asma-oluk-biti\u015f-1024x640.jpg\" alt=\"\" data-id=\"114\" data-full-url=\"http:\/\/olsis.com.tr\/wp-content\/uploads\/2020\/02\/asma-oluk-biti\u015f.jpg\" data-link=\"http:\/\/olsis.com.tr\/?attachment_id=114\" class=\"wp-image-114\" srcset=\"http:\/\/olsis.com.tr\/wp-content\/uploads\/2020\/02\/asma-oluk-biti\u015f-1024x640.jpg 1024w, http:\/\/olsis.com.tr\/wp-content\/uploads\/2020\/02\/asma-oluk-biti\u015f-300x188.jpg 300w, http:\/\/olsis.com.tr\/wp-content\/uploads\/2020\/02\/asma-oluk-biti\u015f-768x480.jpg 768w, http:\/\/olsis.com.tr\/wp-content\/uploads\/2020\/02\/asma-oluk-biti\u015f.jpg 1200w\" sizes=\"(max-width: 1024px) 100vw, 1024px\" \/><\/figure><\/li><\/ul><\/figure>\n\n\n\n<p>Farkl\u0131 renk ,desen ve ebatta(30&#8217;luk ve 33&#8217;l\u00fck) \u00fcretimi yap\u0131lan ya\u011fmur ini\u015f borusu pratik montaj \u00f6zelli\u011fiyle kolay kullan\u0131m alan\u0131 olu\u015fturmaktad\u0131r.Ayr\u0131nt\u0131l\u0131 bilgi i\u00e7in ileti\u015fime ge\u00e7ebilirsiniz.<\/p>\n","protected":false},"excerpt":{"rendered":"<p>Farkl\u0131 renk ,desen ve ebatta(30&#8217;luk ve 33&#8217;l\u00fck) \u00fcretimi yap\u0131lan ya\u011fmur ini\u015f borusu pratik montaj \u00f6zelli\u011fiyle kolay kullan\u0131m alan\u0131 olu\u015fturmaktad\u0131r.Ayr\u0131nt\u0131l\u0131 bilgi i\u00e7in ileti\u015fime ge\u00e7ebilirsiniz.<\/p>\n","protected":false},"author":1,"featured_media":0,"parent":0,"menu_order":0,"comment_status":"closed","ping_status":"closed","template":"","meta":[],"_links":{"self":[{"href":"http:\/\/olsis.com.tr\/index.php\/wp-json\/wp\/v2\/pages\/112"}],"collection":[{"href":"http:\/\/olsis.com.tr\/index.php\/wp-json\/wp\/v2\/pages"}],"about":[{"href":"http:\/\/olsis.com.tr\/index.php\/wp-json\/wp\/v2\/types\/page"}],"author":[{"embeddable":true,"href":"http:\/\/olsis.com.tr\/index.php\/wp-json\/wp\/v2\/users\/1"}],"replies":[{"embeddable":true,"href":"http:\/\/olsis.com.tr\/index.php\/wp-json\/wp\/v2\/comments?post=112"}],"version-history":[{"count":3,"href":"http:\/\/olsis.com.tr\/index.php\/wp-json\/wp\/v2\/pages\/112\/revisions"}],"predecessor-version":[{"id":221,"href":"http:\/\/olsis.com.tr\/index.php\/wp-json\/wp\/v2\/pages\/112\/revisions\/221"}],"wp:attachment":[{"href":"http:\/\/olsis.com.tr\/index.php\/wp-json\/wp\/v2\/media?parent=112"}],"curies":[{"name":"wp","href":"https:\/\/api.w.org\/{rel}","templated":true}]}}