{"id":117,"date":"2020-02-22T08:56:53","date_gmt":"2020-02-22T08:56:53","guid":{"rendered":"http:\/\/olsis.com.tr\/?page_id=117"},"modified":"2021-05-31T06:55:20","modified_gmt":"2021-05-31T06:55:20","slug":"kelepce","status":"publish","type":"page","link":"http:\/\/olsis.com.tr\/index.php\/kelepce\/","title":{"rendered":"Kelep\u00e7e"},"content":{"rendered":"\n<figure class=\"wp-block-image size-large\"><img loading=\"lazy\" width=\"605\" height=\"405\" src=\"http:\/\/olsis.com.tr\/wp-content\/uploads\/2020\/02\/Kelep\u00e7e-1.png\" alt=\"\" class=\"wp-image-156\" srcset=\"http:\/\/olsis.com.tr\/wp-content\/uploads\/2020\/02\/Kelep\u00e7e-1.png 605w, http:\/\/olsis.com.tr\/wp-content\/uploads\/2020\/02\/Kelep\u00e7e-1-300x201.png 300w\" sizes=\"(max-width: 605px) 100vw, 605px\" \/><\/figure>\n\n\n\n<p>Farkl\u0131 renk ,desen ve ebatta \u00fcretimi yap\u0131lan ya\u011fmur suyu ini\u015f borusu kelep\u00e7esi pratik montaj \u00f6zelli\u011fiyle kolay kullan\u0131m alan\u0131 olu\u015fturmaktad\u0131r.Ayr\u0131nt\u0131l\u0131 bilgi i\u00e7in ileti\u015fime ge\u00e7ebilirsiniz.<\/p>\n","protected":false},"excerpt":{"rendered":"<p>Farkl\u0131 renk ,desen ve ebatta \u00fcretimi yap\u0131lan ya\u011fmur suyu ini\u015f borusu kelep\u00e7esi pratik montaj \u00f6zelli\u011fiyle kolay kullan\u0131m alan\u0131 olu\u015fturmaktad\u0131r.Ayr\u0131nt\u0131l\u0131 bilgi i\u00e7in ileti\u015fime ge\u00e7ebilirsiniz.<\/p>\n","protected":false},"author":1,"featured_media":0,"parent":0,"menu_order":0,"comment_status":"closed","ping_status":"closed","template":"","meta":[],"_links":{"self":[{"href":"http:\/\/olsis.com.tr\/index.php\/wp-json\/wp\/v2\/pages\/117"}],"collection":[{"href":"http:\/\/olsis.com.tr\/index.php\/wp-json\/wp\/v2\/pages"}],"about":[{"href":"http:\/\/olsis.com.tr\/index.php\/wp-json\/wp\/v2\/types\/page"}],"author":[{"embeddable":true,"href":"http:\/\/olsis.com.tr\/index.php\/wp-json\/wp\/v2\/users\/1"}],"replies":[{"embeddable":true,"href":"http:\/\/olsis.com.tr\/index.php\/wp-json\/wp\/v2\/comments?post=117"}],"version-history":[{"count":4,"href":"http:\/\/olsis.com.tr\/index.php\/wp-json\/wp\/v2\/pages\/117\/revisions"}],"predecessor-version":[{"id":219,"href":"http:\/\/olsis.com.tr\/index.php\/wp-json\/wp\/v2\/pages\/117\/revisions\/219"}],"wp:attachment":[{"href":"http:\/\/olsis.com.tr\/index.php\/wp-json\/wp\/v2\/media?parent=117"}],"curies":[{"name":"wp","href":"https:\/\/api.w.org\/{rel}","templated":true}]}}