{"id":120,"date":"2020-02-22T10:26:33","date_gmt":"2020-02-22T10:26:33","guid":{"rendered":"http:\/\/olsis.com.tr\/?page_id=120"},"modified":"2021-05-31T07:00:26","modified_gmt":"2021-05-31T07:00:26","slug":"zivana","status":"publish","type":"page","link":"http:\/\/olsis.com.tr\/index.php\/zivana\/","title":{"rendered":"Z\u0131vana"},"content":{"rendered":"\n<figure class=\"wp-container-2 wp-block-gallery-1 wp-block-gallery columns-2 is-cropped\"><ul class=\"blocks-gallery-grid\"><li class=\"blocks-gallery-item\"><figure><img loading=\"lazy\" width=\"512\" height=\"512\" src=\"http:\/\/olsis.com.tr\/wp-content\/uploads\/2020\/02\/z\u0131vana.jpg\" alt=\"\" data-id=\"122\" data-full-url=\"http:\/\/olsis.com.tr\/wp-content\/uploads\/2020\/02\/z\u0131vana.jpg\" data-link=\"http:\/\/olsis.com.tr\/index.php\/zivana\/zivana-2\/\" class=\"wp-image-122\" srcset=\"http:\/\/olsis.com.tr\/wp-content\/uploads\/2020\/02\/z\u0131vana.jpg 512w, http:\/\/olsis.com.tr\/wp-content\/uploads\/2020\/02\/z\u0131vana-300x300.jpg 300w, http:\/\/olsis.com.tr\/wp-content\/uploads\/2020\/02\/z\u0131vana-150x150.jpg 150w, http:\/\/olsis.com.tr\/wp-content\/uploads\/2020\/02\/z\u0131vana-100x100.jpg 100w\" sizes=\"(max-width: 512px) 100vw, 512px\" \/><\/figure><\/li><li class=\"blocks-gallery-item\"><figure><img loading=\"lazy\" width=\"581\" height=\"433\" src=\"http:\/\/olsis.com.tr\/wp-content\/uploads\/2020\/02\/z\u0131vana-1.png\" alt=\"\" data-id=\"154\" data-full-url=\"http:\/\/olsis.com.tr\/wp-content\/uploads\/2020\/02\/z\u0131vana-1.png\" data-link=\"http:\/\/olsis.com.tr\/index.php\/olsis-yagmur-indirme-sistemleri\/zivana-3\/\" class=\"wp-image-154\" srcset=\"http:\/\/olsis.com.tr\/wp-content\/uploads\/2020\/02\/z\u0131vana-1.png 581w, http:\/\/olsis.com.tr\/wp-content\/uploads\/2020\/02\/z\u0131vana-1-300x224.png 300w\" sizes=\"(max-width: 581px) 100vw, 581px\" \/><\/figure><\/li><\/ul><\/figure>\n\n\n\n<p>Farkl\u0131 renk ,desen ve ebatta \u00fcretimi yap\u0131lan oluklar\u0131n ya\u011fmur ini\u015f borular\u0131na ba\u011flant\u0131 eleman\u0131 olan z\u0131vana pratik montaj \u00f6zelli\u011fiyle kolay kullan\u0131m alan\u0131 olu\u015fturmaktad\u0131r.Ayr\u0131nt\u0131l\u0131 bilgi i\u00e7in ileti\u015fime ge\u00e7ebilirsiniz.<\/p>\n","protected":false},"excerpt":{"rendered":"<p>Farkl\u0131 renk ,desen ve ebatta \u00fcretimi yap\u0131lan oluklar\u0131n ya\u011fmur ini\u015f borular\u0131na ba\u011flant\u0131 eleman\u0131 olan z\u0131vana pratik montaj \u00f6zelli\u011fiyle kolay kullan\u0131m alan\u0131 olu\u015fturmaktad\u0131r.Ayr\u0131nt\u0131l\u0131 bilgi i\u00e7in ileti\u015fime ge\u00e7ebilirsiniz.<\/p>\n","protected":false},"author":1,"featured_media":0,"parent":0,"menu_order":0,"comment_status":"closed","ping_status":"closed","template":"","meta":[],"_links":{"self":[{"href":"http:\/\/olsis.com.tr\/index.php\/wp-json\/wp\/v2\/pages\/120"}],"collection":[{"href":"http:\/\/olsis.com.tr\/index.php\/wp-json\/wp\/v2\/pages"}],"about":[{"href":"http:\/\/olsis.com.tr\/index.php\/wp-json\/wp\/v2\/types\/page"}],"author":[{"embeddable":true,"href":"http:\/\/olsis.com.tr\/index.php\/wp-json\/wp\/v2\/users\/1"}],"replies":[{"embeddable":true,"href":"http:\/\/olsis.com.tr\/index.php\/wp-json\/wp\/v2\/comments?post=120"}],"version-history":[{"count":4,"href":"http:\/\/olsis.com.tr\/index.php\/wp-json\/wp\/v2\/pages\/120\/revisions"}],"predecessor-version":[{"id":223,"href":"http:\/\/olsis.com.tr\/index.php\/wp-json\/wp\/v2\/pages\/120\/revisions\/223"}],"wp:attachment":[{"href":"http:\/\/olsis.com.tr\/index.php\/wp-json\/wp\/v2\/media?parent=120"}],"curies":[{"name":"wp","href":"https:\/\/api.w.org\/{rel}","templated":true}]}}