{"id":126,"date":"2020-02-22T10:32:16","date_gmt":"2020-02-22T10:32:16","guid":{"rendered":"http:\/\/olsis.com.tr\/?page_id=126"},"modified":"2021-05-31T07:02:41","modified_gmt":"2021-05-31T07:02:41","slug":"oluk-askisi","status":"publish","type":"page","link":"http:\/\/olsis.com.tr\/index.php\/oluk-askisi\/","title":{"rendered":"Oluk Ask\u0131s\u0131"},"content":{"rendered":"\n<figure class=\"wp-container-2 wp-block-gallery-1 wp-block-gallery columns-2 is-cropped\"><ul class=\"blocks-gallery-grid\"><li class=\"blocks-gallery-item\"><figure><img loading=\"lazy\" width=\"512\" height=\"384\" src=\"http:\/\/olsis.com.tr\/wp-content\/uploads\/2020\/02\/i\u00e7-ask\u0131-1.jpg\" alt=\"\" data-id=\"129\" data-full-url=\"http:\/\/olsis.com.tr\/wp-content\/uploads\/2020\/02\/i\u00e7-ask\u0131-1.jpg\" data-link=\"http:\/\/olsis.com.tr\/?attachment_id=129\" class=\"wp-image-129\" srcset=\"http:\/\/olsis.com.tr\/wp-content\/uploads\/2020\/02\/i\u00e7-ask\u0131-1.jpg 512w, http:\/\/olsis.com.tr\/wp-content\/uploads\/2020\/02\/i\u00e7-ask\u0131-1-300x225.jpg 300w\" sizes=\"(max-width: 512px) 100vw, 512px\" \/><\/figure><\/li><li class=\"blocks-gallery-item\"><figure><img loading=\"lazy\" width=\"640\" height=\"417\" src=\"http:\/\/olsis.com.tr\/wp-content\/uploads\/2020\/02\/oluk-ask\u0131s\u0131.png\" alt=\"\" data-id=\"53\" data-full-url=\"http:\/\/olsis.com.tr\/wp-content\/uploads\/2020\/02\/oluk-ask\u0131s\u0131.png\" data-link=\"http:\/\/olsis.com.tr\/index.php\/the-new-umoma-opens-its-doors-2\/oluk-askisi\/\" class=\"wp-image-53\" srcset=\"http:\/\/olsis.com.tr\/wp-content\/uploads\/2020\/02\/oluk-ask\u0131s\u0131.png 640w, http:\/\/olsis.com.tr\/wp-content\/uploads\/2020\/02\/oluk-ask\u0131s\u0131-300x195.png 300w\" sizes=\"(max-width: 640px) 100vw, 640px\" \/><\/figure><\/li><\/ul><\/figure>\n\n\n\n<p> Farkl\u0131 renk ,desen ve ebatta \u00fcretimi yap\u0131lan i\u00e7 ask\u0131 pratik montaj \u00f6zelli\u011fiyle kolay kullan\u0131m alan\u0131 olu\u015fturmaktad\u0131r.Ayr\u0131nt\u0131l\u0131 bilgi i\u00e7in ileti\u015fime ge\u00e7ebilirsiniz.<\/p>\n","protected":false},"excerpt":{"rendered":"<p>Farkl\u0131 renk ,desen ve ebatta \u00fcretimi yap\u0131lan i\u00e7 ask\u0131 pratik montaj \u00f6zelli\u011fiyle kolay kullan\u0131m alan\u0131 olu\u015fturmaktad\u0131r.Ayr\u0131nt\u0131l\u0131 bilgi i\u00e7in ileti\u015fime ge\u00e7ebilirsiniz.<\/p>\n","protected":false},"author":1,"featured_media":0,"parent":0,"menu_order":0,"comment_status":"closed","ping_status":"closed","template":"","meta":[],"_links":{"self":[{"href":"http:\/\/olsis.com.tr\/index.php\/wp-json\/wp\/v2\/pages\/126"}],"collection":[{"href":"http:\/\/olsis.com.tr\/index.php\/wp-json\/wp\/v2\/pages"}],"about":[{"href":"http:\/\/olsis.com.tr\/index.php\/wp-json\/wp\/v2\/types\/page"}],"author":[{"embeddable":true,"href":"http:\/\/olsis.com.tr\/index.php\/wp-json\/wp\/v2\/users\/1"}],"replies":[{"embeddable":true,"href":"http:\/\/olsis.com.tr\/index.php\/wp-json\/wp\/v2\/comments?post=126"}],"version-history":[{"count":3,"href":"http:\/\/olsis.com.tr\/index.php\/wp-json\/wp\/v2\/pages\/126\/revisions"}],"predecessor-version":[{"id":225,"href":"http:\/\/olsis.com.tr\/index.php\/wp-json\/wp\/v2\/pages\/126\/revisions\/225"}],"wp:attachment":[{"href":"http:\/\/olsis.com.tr\/index.php\/wp-json\/wp\/v2\/media?parent=126"}],"curies":[{"name":"wp","href":"https:\/\/api.w.org\/{rel}","templated":true}]}}