{"id":15,"date":"2020-02-20T11:10:07","date_gmt":"2020-02-20T11:10:07","guid":{"rendered":"http:\/\/olsis.com.tr\/?page_id=15"},"modified":"2026-04-09T13:39:58","modified_gmt":"2026-04-09T13:39:58","slug":"bize-ulasin","status":"publish","type":"page","link":"http:\/\/olsis.com.tr\/index.php\/bize-ulasin\/","title":{"rendered":"Bize ula\u015f\u0131n"},"content":{"rendered":"\n<p>OLS\u0130S OLUK S\u0130STEMLER\u0130<\/p>\n\n\n\n<p>Adres : \u0130vedik OSB. 2284. Cadde No: 48 Yenimahalle \/ ANKARA<\/p>\n\n\n\n<p>Tel: +90 312 217 57 14<\/p>\n\n\n\n<p>Faks: +90 312 217 58 14 <\/p>\n\n\n\n<p>e-posta : elitbia@gmail.com<\/p>\n","protected":false},"excerpt":{"rendered":"<p>OLS\u0130S OLUK S\u0130STEMLER\u0130 Adres : \u0130vedik OSB. 2284. Cadde No: 48 Yenimahalle \/ ANKARA Tel: +90 312 217 57 14 Faks: +90 312 217 58 14 e-posta : elitbia@gmail.com<\/p>\n","protected":false},"author":1,"featured_media":0,"parent":0,"menu_order":0,"comment_status":"closed","ping_status":"closed","template":"","meta":[],"_links":{"self":[{"href":"http:\/\/olsis.com.tr\/index.php\/wp-json\/wp\/v2\/pages\/15"}],"collection":[{"href":"http:\/\/olsis.com.tr\/index.php\/wp-json\/wp\/v2\/pages"}],"about":[{"href":"http:\/\/olsis.com.tr\/index.php\/wp-json\/wp\/v2\/types\/page"}],"author":[{"embeddable":true,"href":"http:\/\/olsis.com.tr\/index.php\/wp-json\/wp\/v2\/users\/1"}],"replies":[{"embeddable":true,"href":"http:\/\/olsis.com.tr\/index.php\/wp-json\/wp\/v2\/comments?post=15"}],"version-history":[{"count":5,"href":"http:\/\/olsis.com.tr\/index.php\/wp-json\/wp\/v2\/pages\/15\/revisions"}],"predecessor-version":[{"id":236,"href":"http:\/\/olsis.com.tr\/index.php\/wp-json\/wp\/v2\/pages\/15\/revisions\/236"}],"wp:attachment":[{"href":"http:\/\/olsis.com.tr\/index.php\/wp-json\/wp\/v2\/media?parent=15"}],"curies":[{"name":"wp","href":"https:\/\/api.w.org\/{rel}","templated":true}]}}