{"id":88,"date":"2020-02-22T07:25:10","date_gmt":"2020-02-22T07:25:10","guid":{"rendered":"http:\/\/olsis.com.tr\/?page_id=88"},"modified":"2021-05-29T12:55:37","modified_gmt":"2021-05-29T12:55:37","slug":"yagmur-inis-borusu","status":"publish","type":"page","link":"http:\/\/olsis.com.tr\/index.php\/yagmur-inis-borusu\/","title":{"rendered":"Ya\u011fmur \u0130ni\u015f Borusu"},"content":{"rendered":"\n<figure class=\"wp-container-2 wp-block-gallery-1 wp-block-gallery columns-2\"><ul class=\"blocks-gallery-grid\"><li class=\"blocks-gallery-item\"><figure><img loading=\"lazy\" width=\"1000\" height=\"370\" src=\"http:\/\/olsis.com.tr\/wp-content\/uploads\/2020\/02\/kocaeli-eksiz-ya\u011fmur-suyu-borusu.jpg\" alt=\"\" data-id=\"76\" data-full-url=\"http:\/\/olsis.com.tr\/wp-content\/uploads\/2020\/02\/kocaeli-eksiz-ya\u011fmur-suyu-borusu.jpg\" data-link=\"http:\/\/olsis.com.tr\/index.php\/olsis-yagmur-indirme-sistemleri\/kocaeli-eksiz-yagmur-suyu-borusu\/\" class=\"wp-image-76\" srcset=\"http:\/\/olsis.com.tr\/wp-content\/uploads\/2020\/02\/kocaeli-eksiz-ya\u011fmur-suyu-borusu.jpg 1000w, http:\/\/olsis.com.tr\/wp-content\/uploads\/2020\/02\/kocaeli-eksiz-ya\u011fmur-suyu-borusu-300x111.jpg 300w, http:\/\/olsis.com.tr\/wp-content\/uploads\/2020\/02\/kocaeli-eksiz-ya\u011fmur-suyu-borusu-768x284.jpg 768w\" sizes=\"(max-width: 1000px) 100vw, 1000px\" \/><\/figure><\/li><li class=\"blocks-gallery-item\"><figure><img loading=\"lazy\" width=\"1024\" height=\"402\" src=\"http:\/\/olsis.com.tr\/wp-content\/uploads\/2020\/02\/Boru-1024x402.png\" alt=\"\" data-id=\"157\" data-full-url=\"http:\/\/olsis.com.tr\/wp-content\/uploads\/2020\/02\/Boru.png\" data-link=\"http:\/\/olsis.com.tr\/index.php\/olsis-yagmur-indirme-sistemleri\/boru\/\" class=\"wp-image-157\" srcset=\"http:\/\/olsis.com.tr\/wp-content\/uploads\/2020\/02\/Boru-1024x402.png 1024w, http:\/\/olsis.com.tr\/wp-content\/uploads\/2020\/02\/Boru-300x118.png 300w, http:\/\/olsis.com.tr\/wp-content\/uploads\/2020\/02\/Boru-768x302.png 768w, http:\/\/olsis.com.tr\/wp-content\/uploads\/2020\/02\/Boru.png 1041w\" sizes=\"(max-width: 1024px) 100vw, 1024px\" \/><\/figure><\/li><\/ul><\/figure>\n\n\n\n<p>Farkl\u0131 renk ,desen ve ebatta \u00fcretimi yap\u0131lan ya\u011fmur ini\u015f borusu pratik montaj \u00f6zelli\u011fiyle kolay kullan\u0131m alan\u0131 olu\u015fturmaktad\u0131r.Ayr\u0131nt\u0131l\u0131 bilgi i\u00e7in ileti\u015fime ge\u00e7ebilirsiniz.<\/p>\n","protected":false},"excerpt":{"rendered":"<p>Farkl\u0131 renk ,desen ve ebatta \u00fcretimi yap\u0131lan ya\u011fmur ini\u015f borusu pratik montaj \u00f6zelli\u011fiyle kolay kullan\u0131m alan\u0131 olu\u015fturmaktad\u0131r.Ayr\u0131nt\u0131l\u0131 bilgi i\u00e7in ileti\u015fime ge\u00e7ebilirsiniz.<\/p>\n","protected":false},"author":1,"featured_media":0,"parent":0,"menu_order":0,"comment_status":"closed","ping_status":"closed","template":"","meta":[],"_links":{"self":[{"href":"http:\/\/olsis.com.tr\/index.php\/wp-json\/wp\/v2\/pages\/88"}],"collection":[{"href":"http:\/\/olsis.com.tr\/index.php\/wp-json\/wp\/v2\/pages"}],"about":[{"href":"http:\/\/olsis.com.tr\/index.php\/wp-json\/wp\/v2\/types\/page"}],"author":[{"embeddable":true,"href":"http:\/\/olsis.com.tr\/index.php\/wp-json\/wp\/v2\/users\/1"}],"replies":[{"embeddable":true,"href":"http:\/\/olsis.com.tr\/index.php\/wp-json\/wp\/v2\/comments?post=88"}],"version-history":[{"count":6,"href":"http:\/\/olsis.com.tr\/index.php\/wp-json\/wp\/v2\/pages\/88\/revisions"}],"predecessor-version":[{"id":214,"href":"http:\/\/olsis.com.tr\/index.php\/wp-json\/wp\/v2\/pages\/88\/revisions\/214"}],"wp:attachment":[{"href":"http:\/\/olsis.com.tr\/index.php\/wp-json\/wp\/v2\/media?parent=88"}],"curies":[{"name":"wp","href":"https:\/\/api.w.org\/{rel}","templated":true}]}}