{"id":91,"date":"2020-02-22T07:31:10","date_gmt":"2020-02-22T07:31:10","guid":{"rendered":"http:\/\/olsis.com.tr\/?page_id=91"},"modified":"2021-05-29T12:55:24","modified_gmt":"2021-05-29T12:55:24","slug":"91-2","status":"publish","type":"page","link":"http:\/\/olsis.com.tr\/index.php\/91-2\/","title":{"rendered":"Dirsek"},"content":{"rendered":"\n<figure class=\"wp-container-2 wp-block-gallery-1 wp-block-gallery columns-3 is-cropped\"><ul class=\"blocks-gallery-grid\"><li class=\"blocks-gallery-item\"><figure><img loading=\"lazy\" width=\"400\" height=\"300\" src=\"http:\/\/olsis.com.tr\/wp-content\/uploads\/2020\/02\/dirsek2.jpg\" alt=\"\" data-id=\"92\" data-full-url=\"http:\/\/olsis.com.tr\/wp-content\/uploads\/2020\/02\/dirsek2.jpg\" data-link=\"http:\/\/olsis.com.tr\/?attachment_id=92\" class=\"wp-image-92\" srcset=\"http:\/\/olsis.com.tr\/wp-content\/uploads\/2020\/02\/dirsek2.jpg 400w, http:\/\/olsis.com.tr\/wp-content\/uploads\/2020\/02\/dirsek2-300x225.jpg 300w\" sizes=\"(max-width: 400px) 100vw, 400px\" \/><\/figure><\/li><li class=\"blocks-gallery-item\"><figure><img loading=\"lazy\" width=\"338\" height=\"280\" src=\"http:\/\/olsis.com.tr\/wp-content\/uploads\/2020\/02\/dirsek1.jpg\" alt=\"\" data-id=\"93\" data-full-url=\"http:\/\/olsis.com.tr\/wp-content\/uploads\/2020\/02\/dirsek1.jpg\" data-link=\"http:\/\/olsis.com.tr\/?attachment_id=93\" class=\"wp-image-93\" srcset=\"http:\/\/olsis.com.tr\/wp-content\/uploads\/2020\/02\/dirsek1.jpg 338w, http:\/\/olsis.com.tr\/wp-content\/uploads\/2020\/02\/dirsek1-300x249.jpg 300w\" sizes=\"(max-width: 338px) 100vw, 338px\" \/><\/figure><\/li><li class=\"blocks-gallery-item\"><figure><img loading=\"lazy\" width=\"503\" height=\"549\" src=\"http:\/\/olsis.com.tr\/wp-content\/uploads\/2020\/02\/dirsek.jpg\" alt=\"\" data-id=\"94\" data-full-url=\"http:\/\/olsis.com.tr\/wp-content\/uploads\/2020\/02\/dirsek.jpg\" data-link=\"http:\/\/olsis.com.tr\/?attachment_id=94\" class=\"wp-image-94\" srcset=\"http:\/\/olsis.com.tr\/wp-content\/uploads\/2020\/02\/dirsek.jpg 503w, http:\/\/olsis.com.tr\/wp-content\/uploads\/2020\/02\/dirsek-275x300.jpg 275w\" sizes=\"(max-width: 503px) 100vw, 503px\" \/><\/figure><\/li><\/ul><\/figure>\n\n\n\n<p>Farkl\u0131 renk ,desen ve ebatta \u00fcretimi yap\u0131lan ya\u011fmur ini\u015f boru dirse\u011fi pratik montaj \u00f6zelli\u011fiyle kolay kullan\u0131m alan\u0131 olu\u015fturmaktad\u0131r.Ayr\u0131nt\u0131l\u0131 bilgi i\u00e7in ileti\u015fime ge\u00e7ebilirsiniz.<\/p>\n","protected":false},"excerpt":{"rendered":"<p>Farkl\u0131 renk ,desen ve ebatta \u00fcretimi yap\u0131lan ya\u011fmur ini\u015f boru dirse\u011fi pratik montaj \u00f6zelli\u011fiyle kolay kullan\u0131m alan\u0131 olu\u015fturmaktad\u0131r.Ayr\u0131nt\u0131l\u0131 bilgi i\u00e7in ileti\u015fime ge\u00e7ebilirsiniz.<\/p>\n","protected":false},"author":1,"featured_media":0,"parent":0,"menu_order":0,"comment_status":"closed","ping_status":"closed","template":"","meta":[],"_links":{"self":[{"href":"http:\/\/olsis.com.tr\/index.php\/wp-json\/wp\/v2\/pages\/91"}],"collection":[{"href":"http:\/\/olsis.com.tr\/index.php\/wp-json\/wp\/v2\/pages"}],"about":[{"href":"http:\/\/olsis.com.tr\/index.php\/wp-json\/wp\/v2\/types\/page"}],"author":[{"embeddable":true,"href":"http:\/\/olsis.com.tr\/index.php\/wp-json\/wp\/v2\/users\/1"}],"replies":[{"embeddable":true,"href":"http:\/\/olsis.com.tr\/index.php\/wp-json\/wp\/v2\/comments?post=91"}],"version-history":[{"count":6,"href":"http:\/\/olsis.com.tr\/index.php\/wp-json\/wp\/v2\/pages\/91\/revisions"}],"predecessor-version":[{"id":213,"href":"http:\/\/olsis.com.tr\/index.php\/wp-json\/wp\/v2\/pages\/91\/revisions\/213"}],"wp:attachment":[{"href":"http:\/\/olsis.com.tr\/index.php\/wp-json\/wp\/v2\/media?parent=91"}],"curies":[{"name":"wp","href":"https:\/\/api.w.org\/{rel}","templated":true}]}}