{"id":99,"date":"2020-02-22T07:37:58","date_gmt":"2020-02-22T07:37:58","guid":{"rendered":"http:\/\/olsis.com.tr\/?page_id=99"},"modified":"2021-05-31T06:49:38","modified_gmt":"2021-05-31T06:49:38","slug":"asma-oluk-dis-kosesi","status":"publish","type":"page","link":"http:\/\/olsis.com.tr\/index.php\/asma-oluk-dis-kosesi\/","title":{"rendered":"Asma Oluk D\u0131\u015f K\u00f6\u015fesi"},"content":{"rendered":"\n<figure class=\"wp-container-2 wp-block-gallery-1 wp-block-gallery columns-2\"><ul class=\"blocks-gallery-grid\"><li class=\"blocks-gallery-item\"><figure><img loading=\"lazy\" width=\"1024\" height=\"576\" src=\"http:\/\/olsis.com.tr\/wp-content\/uploads\/2020\/02\/asma-oluk-d\u0131\u015f-k\u00f6\u015fesiss-1024x576.jpg\" alt=\"\" data-id=\"100\" data-full-url=\"http:\/\/olsis.com.tr\/wp-content\/uploads\/2020\/02\/asma-oluk-d\u0131\u015f-k\u00f6\u015fesiss.jpg\" data-link=\"http:\/\/olsis.com.tr\/?attachment_id=100\" class=\"wp-image-100\" srcset=\"http:\/\/olsis.com.tr\/wp-content\/uploads\/2020\/02\/asma-oluk-d\u0131\u015f-k\u00f6\u015fesiss-1024x576.jpg 1024w, http:\/\/olsis.com.tr\/wp-content\/uploads\/2020\/02\/asma-oluk-d\u0131\u015f-k\u00f6\u015fesiss-300x169.jpg 300w, http:\/\/olsis.com.tr\/wp-content\/uploads\/2020\/02\/asma-oluk-d\u0131\u015f-k\u00f6\u015fesiss-768x432.jpg 768w, http:\/\/olsis.com.tr\/wp-content\/uploads\/2020\/02\/asma-oluk-d\u0131\u015f-k\u00f6\u015fesiss.jpg 1080w\" sizes=\"(max-width: 1024px) 100vw, 1024px\" \/><\/figure><\/li><li class=\"blocks-gallery-item\"><figure><img loading=\"lazy\" width=\"384\" height=\"512\" src=\"http:\/\/olsis.com.tr\/wp-content\/uploads\/2020\/02\/asma-oluk-d\u0131\u015f-k\u00f6\u015fesis.jpg\" alt=\"\" data-id=\"101\" data-full-url=\"http:\/\/olsis.com.tr\/wp-content\/uploads\/2020\/02\/asma-oluk-d\u0131\u015f-k\u00f6\u015fesis.jpg\" data-link=\"http:\/\/olsis.com.tr\/?attachment_id=101\" class=\"wp-image-101\" srcset=\"http:\/\/olsis.com.tr\/wp-content\/uploads\/2020\/02\/asma-oluk-d\u0131\u015f-k\u00f6\u015fesis.jpg 384w, http:\/\/olsis.com.tr\/wp-content\/uploads\/2020\/02\/asma-oluk-d\u0131\u015f-k\u00f6\u015fesis-225x300.jpg 225w\" sizes=\"(max-width: 384px) 100vw, 384px\" \/><\/figure><\/li><\/ul><\/figure>\n\n\n\n<p>Farkl\u0131 renk ,desen ve ebatta \u00fcretimi yap\u0131lan asma oluk d\u0131\u015f k\u00f6\u015fesi  pratik montaj \u00f6zelli\u011fiyle kolay kullan\u0131m alan\u0131 olu\u015fturmaktad\u0131r.Ayr\u0131nt\u0131l\u0131 bilgi i\u00e7in ileti\u015fime ge\u00e7ebilirsiniz.<\/p>\n","protected":false},"excerpt":{"rendered":"<p>Farkl\u0131 renk ,desen ve ebatta \u00fcretimi yap\u0131lan asma oluk d\u0131\u015f k\u00f6\u015fesi pratik montaj \u00f6zelli\u011fiyle kolay kullan\u0131m alan\u0131 olu\u015fturmaktad\u0131r.Ayr\u0131nt\u0131l\u0131 bilgi i\u00e7in ileti\u015fime ge\u00e7ebilirsiniz.<\/p>\n","protected":false},"author":1,"featured_media":0,"parent":0,"menu_order":0,"comment_status":"closed","ping_status":"closed","template":"","meta":[],"_links":{"self":[{"href":"http:\/\/olsis.com.tr\/index.php\/wp-json\/wp\/v2\/pages\/99"}],"collection":[{"href":"http:\/\/olsis.com.tr\/index.php\/wp-json\/wp\/v2\/pages"}],"about":[{"href":"http:\/\/olsis.com.tr\/index.php\/wp-json\/wp\/v2\/types\/page"}],"author":[{"embeddable":true,"href":"http:\/\/olsis.com.tr\/index.php\/wp-json\/wp\/v2\/users\/1"}],"replies":[{"embeddable":true,"href":"http:\/\/olsis.com.tr\/index.php\/wp-json\/wp\/v2\/comments?post=99"}],"version-history":[{"count":2,"href":"http:\/\/olsis.com.tr\/index.php\/wp-json\/wp\/v2\/pages\/99\/revisions"}],"predecessor-version":[{"id":215,"href":"http:\/\/olsis.com.tr\/index.php\/wp-json\/wp\/v2\/pages\/99\/revisions\/215"}],"wp:attachment":[{"href":"http:\/\/olsis.com.tr\/index.php\/wp-json\/wp\/v2\/media?parent=99"}],"curies":[{"name":"wp","href":"https:\/\/api.w.org\/{rel}","templated":true}]}}